{"id":7951,"date":"2015-06-19T14:17:14","date_gmt":"2015-06-19T12:17:14","guid":{"rendered":"http:\/\/jablocom.com\/?page_id=7951"},"modified":"2026-04-29T13:42:30","modified_gmt":"2026-04-29T11:42:30","slug":"telefonni-reseni","status":"publish","type":"page","link":"https:\/\/www.noabe.com\/solution\/telefonni-reseni\/","title":{"rendered":"Telefonn\u00ed \u0159e\u0161en\u00ed"},"content":{"rendered":"","protected":false},"excerpt":{"rendered":"","protected":false},"author":18,"featured_media":0,"parent":15730,"menu_order":0,"comment_status":"closed","ping_status":"closed","template":"","meta":{"_lmt_disableupdate":"no","_lmt_disable":"","footnotes":""},"categories":[18,11],"tags":[],"class_list":["post-7951","page","type-page","status-publish","hentry","category-ok","category-cz"],"_links":{"self":[{"href":"https:\/\/www.noabe.com\/wp-json\/wp\/v2\/pages\/7951","targetHints":{"allow":["GET"]}}],"collection":[{"href":"https:\/\/www.noabe.com\/wp-json\/wp\/v2\/pages"}],"about":[{"href":"https:\/\/www.noabe.com\/wp-json\/wp\/v2\/types\/page"}],"author":[{"embeddable":true,"href":"https:\/\/www.noabe.com\/wp-json\/wp\/v2\/users\/18"}],"replies":[{"embeddable":true,"href":"https:\/\/www.noabe.com\/wp-json\/wp\/v2\/comments?post=7951"}],"version-history":[{"count":2,"href":"https:\/\/www.noabe.com\/wp-json\/wp\/v2\/pages\/7951\/revisions"}],"predecessor-version":[{"id":12971,"href":"https:\/\/www.noabe.com\/wp-json\/wp\/v2\/pages\/7951\/revisions\/12971"}],"up":[{"embeddable":true,"href":"https:\/\/www.noabe.com\/wp-json\/wp\/v2\/pages\/15730"}],"wp:attachment":[{"href":"https:\/\/www.noabe.com\/wp-json\/wp\/v2\/media?parent=7951"}],"wp:term":[{"taxonomy":"category","embeddable":true,"href":"https:\/\/www.noabe.com\/wp-json\/wp\/v2\/categories?post=7951"},{"taxonomy":"post_tag","embeddable":true,"href":"https:\/\/www.noabe.com\/wp-json\/wp\/v2\/tags?post=7951"}],"curies":[{"name":"wp","href":"https:\/\/api.w.org\/{rel}","templated":true}]}}