{"id":177,"date":"2013-06-25T09:15:57","date_gmt":"2013-06-25T07:15:57","guid":{"rendered":"http:\/\/www76.jablocom.com\/?page_id=177"},"modified":"2022-12-15T07:50:15","modified_gmt":"2022-12-15T06:50:15","slug":"gdp06e","status":"publish","type":"page","link":"https:\/\/www.noabe.com\/index.php\/gdp06e\/","title":{"rendered":"Essence (GPD-06e)"},"content":{"rendered":"<div id=\"product_detail\">\n<nav id=\"test\" class=\"submenu\">\n<ul class=\"nav\">\n<li><a href=\"#xbody\"><span class=\"fa\">\uf077<\/span><\/a><\/li>\n<li><a href=\"#details\">Details<\/a><\/li>\n<li><a href=\"#features\">Features<\/a><\/li>\n<li><a href=\"#faq\">Support<\/a><\/li>\n<li><a href=\"#jbt-phones\">JabloTool<\/a><\/li>\n<li><a href=\"#technical\">Technical<\/a><\/li>\n<\/ul>\n<div class=\"cleaner\"><\/div>\n<\/nav>\n<div class=\"head_left\">\n<h2>Essence GDP-06e<br \/>(2020-2021)<br \/>\n<span>Business desktop phone<\/span><\/h2>\n<p>Comfortable and intuitive mobile desktop phone with contact synchronisation and cloud administration<\/p>\n<div class=\"ben\">\n<div class=\"ic\"><span class=\"fa\">\uf0c0<\/span><\/div>\n<p>Contact<br \/>\nsync<\/p>\n<\/div>\n<div class=\"ben\">\n<div class=\"ic\"><span class=\"fa\">\uf0c2<\/span><\/div>\n<p>Cloud<br \/>\nadministration<\/p>\n<\/div>\n<div class=\"ben\">\n<div class=\"ic\"><span class=\"fa\">\uf142<\/span><\/div>\n<p>11 Quick dial<br \/>\nHotkeys<\/p>\n<\/div>\n<div class=\"ben\">\n<div class=\"ic\"><span class=\"fa\">\uf064<\/span><\/div>\n<p>Call transfer<br \/>\nbutton<\/p>\n<\/div>\n<div class=\"ben\">\n<div class=\"ic\"><span class=\"fa\">&#xf012;<\/span><\/div>\n<p>SIM card<br \/>\noperated<\/p>\n<\/div>\n<div class=\"ben\">\n<div class=\"ic\"><span class=\"fa\">&#xf164;<\/span><\/div>\n<p>3-years of<br \/>\nwarranty<\/p>\n<\/div>\n<\/div>\n<div class=\"head_right\">\n<div class=\"royalSlider rsDefault\" id=\"gallery-1\">\n<p><a class=\"rsImg bugaga\" href=\"\/wp-content\/themes\/wp-lightgreen\/img\/essence\/Jablocom.Essence.A.png\" data-rsw=\"500\" data-rsh=\"500\" data-rsbigimg=\"\/wp-content\/themes\/wp-lightgreen\/img\/essence\/Jablocom.Essence.A.png\"><img loading=\"lazy\" decoding=\"async\" class=\"rsTmb\" alt=\"\" src=\"\/wp-content\/themes\/wp-lightgreen\/img\/essence\/Jablocom.Essence.A.tm.png\" width=\"90\" height=\"90\"><\/a><\/p>\n<p><a class=\"rsImg bugaga\" href=\"\/wp-content\/themes\/wp-lightgreen\/img\/essence\/essence_01.jpg\" data-rsw=\"500\" data-rsh=\"500\" data-rsbigimg=\"\/wp-content\/themes\/wp-lightgreen\/img\/essence\/essence_01.jpg\"><img loading=\"lazy\" decoding=\"async\" class=\"rsTmb\" alt=\"\" src=\"\/wp-content\/themes\/wp-lightgreen\/img\/essence\/essence_01_thumb.jpg\" width=\"90\" height=\"90\"><\/a><\/p>\n<p><a class=\"rsImg bugaga\" href=\"\/wp-content\/themes\/wp-lightgreen\/img\/essence\/Jablocom.Essence.C.png\" data-rsw=\"500\" data-rsh=\"500\" data-rsbigimg=\"\/wp-content\/themes\/wp-lightgreen\/img\/essence\/Jablocom.Essence.C.png\"><img loading=\"lazy\" decoding=\"async\" class=\"rsTmb\" alt=\"\" src=\"\/wp-content\/themes\/wp-lightgreen\/img\/essence\/Jablocom.Essence.C.tm.png\" width=\"90\" height=\"90\"><\/a><\/p>\n<p><a class=\"rsImg bugaga\" href=\"\/wp-content\/themes\/wp-lightgreen\/img\/essence\/Jablocom.Essence.D.png\" data-rsw=\"500\" data-rsh=\"500\" data-rsbigimg=\"\/wp-content\/themes\/wp-lightgreen\/img\/essence\/Jablocom.Essence.D.png\"><img loading=\"lazy\" decoding=\"async\" class=\"rsTmb\" alt=\"\" src=\"\/wp-content\/themes\/wp-lightgreen\/img\/essence\/Jablocom.Essence.D.tm.png\" width=\"90\" height=\"90\"><\/a><\/p>\n<p><a class=\"rsImg bugaga\" href=\"\/wp-content\/themes\/wp-lightgreen\/img\/essence\/Jablocom.Essence.F.png\" data-rsw=\"500\" data-rsh=\"500\" data-rsbigimg=\"\/wp-content\/themes\/wp-lightgreen\/img\/essence\/Jablocom.Essence.F.png\"><img loading=\"lazy\" decoding=\"async\" class=\"rsTmb\" alt=\"\" src=\"\/wp-content\/themes\/wp-lightgreen\/img\/essence\/Jablocom.Essence.F.tm.png\" width=\"90\" height=\"90\"><\/a><\/p>\n<p><a class=\"rsImg bugaga\" href=\"\/wp-content\/themes\/wp-lightgreen\/img\/essence\/Jablocom.Essence.E.png\" data-rsw=\"500\" data-rsh=\"500\" data-rsbigimg=\"\/wp-content\/themes\/wp-lightgreen\/img\/essence\/Jablocom.Essence.E.png\"><img loading=\"lazy\" decoding=\"async\" class=\"rsTmb\" alt=\"\" src=\"\/wp-content\/themes\/wp-lightgreen\/img\/essence\/Jablocom.Essence.E.tm.png\" width=\"90\" height=\"90\"><\/a><\/p>\n<\/div>\n<\/div>\n<div class=\"cleaner\"><\/div>\n<div id=\"details\">\n&nbsp;<br \/>\n&nbsp;<br \/>\n&nbsp;<br \/>\n&nbsp;<\/p>\n<div class=\"buy\"><a href=\"https:\/\/www.noabe.shop\/en\/phones\" class=\"greenbutt buybutt\">Our e-shop <span class=\"fa\">\uf07a<\/span><\/a><br \/>\n&nbsp;<br \/>\n&nbsp;<br \/>\n&nbsp;<br \/>\n<a href=\"\/index.php\/where-to-buy\/\" class=\"greenbutt buybutt\">Where to buy&nbsp;<\/a><\/p>\n<\/div>\n<p>Essence is a reliable and durable mobile desktop phone (SIM card operated phone). It provides intuitive use, eleven hotkeys, dedicated buttons for call transfer, loudspeaker or silent mode, contact synchronization with Google &#038; Exchange and remote administration.<br \/>\nWith its familiar design of an office phone and solid workmanship Essence is a perfect phone for almost any workplace where landline replacement is needed. This phone model, launched in 2020, is the third generation of successful and proven Essence family.<br \/>\n&nbsp;<br \/>\n<b>Intuitive and comfortable<\/b><br \/>\nEleven quick dial hotkeys, dedicated transfer button, multicolour LEDs, loudspeaker or silent mode make its everyday use more pleasant. Do you have a missed call from your boss? Blinking LED next to a hotkey will let you know. Is silent mode or loudspeaker turned on? A dedicated key will light up.<br \/>\n&nbsp;<br \/>\n<b>Synchronized contacts<\/b><br \/>\nThanks to our cloud service you can synchronize contacts in your Essence phone with Jablotool, Google or Microsoft Exchange account. Making calls is much easier with updated address book always at hand.<br \/>\nIn our cloud you can also remotely check your missed calls and incoming messages or divert incoming calls to a colleague &#8211; even when you are travelling.<br \/>\n&nbsp;<br \/>\n<b>Effective cloud administration<\/b><br \/>\nDesktop phones used in companies and institutions need effective administration. Our cloud administration is both intuitive and designed for professionals. It gives administrators a complete overview of phone status and allows them to share corporate address book, define user rights, set up call forwarding rules, etc. Intuitively. With just a few clicks.<br \/>\n&nbsp;<br \/>\n<b>Guaranteed quality<\/b><br \/>\nEssence represents a reliable desktop phone for everyday use. Type GDP-06e is the third generation of successful Essence family. As a proof of our confidence in its quality we provide a three-year warranty.<\/p>\n<div class=\"cleaner\"><\/div>\n<\/div>\n<div id=\"features\">\n<h3>Features<\/h3>\n<div class=\"ben\">\n<div class=\"ic\"><span class=\"fa\">&#xf0c0;<\/span><\/div>\n<p><strong>Contact sync<\/strong><\/p>\n<p>Synchronize contacts in your Essence with <span class=\"fa\">&#xf1a0;<\/span> Google, <span class=\"fa\">&#xf17a;<\/span> Microsoft Exchange or Jablotool account.<\/p>\n<\/div>\n<div class=\"ben\">\n<div class=\"ic\"><span class=\"fa\">&#xf109;<\/span><\/div>\n<p><strong>Remote access<\/strong><\/p>\n<p>Access your missed calls, incoming messages and phone settings remotely in our cloud. Stay in touch even when you are travelling.<\/p>\n<\/div>\n<div class=\"ben\">\n<div class=\"ic\"><span class=\"fa\">&#xf0c2;<\/span><\/div>\n<p><strong>Cloud administration<\/strong><\/p>\n<p>Administer whole groups of phones, check phone statuses, share corporate address book, define user rights, set up call forwarding rules and help users remotely.<\/p>\n<\/div>\n<div class=\"ben\">\n<div class=\"ic\"><span class=\"fa\">\uf064<\/span><\/div>\n<p><strong>Call transfer<\/strong><\/p>\n<p>Essence supports the call transfer function using both the explicit call transfer (ECT) standard and configurable USSD\/DTMF commands. It has dedicated Transfer button.<\/p>\n<\/div>\n<div class=\"ben\">\n<div class=\"ic\"><span class=\"fa\">\uf142<\/span><\/div>\n<p><strong>11 Speed dial hotkeys<\/strong><\/p>\n<p>Dial your most frequent contacts with one button. The button lights up when the contact is calling or leaves a missed call.<\/p>\n<\/div>\n<div class=\"ben\">\n<div class=\"ic\"><span class=\"fa\">&#xf0eb;<\/span><\/div>\n<p><strong>Light signals<\/strong><\/p>\n<p>Do you have a missed call from your boss? Blinking hotkey will let you know. Is silent mode or loudspeaker turned on? A dedicated key will light up.<\/p>\n<\/div>\n<div class=\"ben\">\n<div class=\"ic\"><span class=\"fa\">&#xf095;<\/span><\/div>\n<p><strong>Advanced call functions<\/strong><\/p>\n<p>Conference call, Mute, Hold, Call waiting, Call divert, Explicit call transfer<\/p>\n<\/div>\n<div class=\"ben\">\n<div class=\"ic\"><span class=\"fa\">&#xf1ab;<\/span><\/div>\n<p><strong>Menu in 16 languages<\/strong><\/p>\n<p>English, \u010ce\u0161tina, Dansk, Deutsch, Espa\u00f1ol, Italiano, Fran\u00e7ais, Magyar, Nederlands, Norsk, Polski, Portugu\u00eas, Sloven\u010dina, Slovene, Suomi, Svensk<\/p>\n<\/div>\n<div class=\"cleaner\"><\/div>\n<\/div>\n<div class=\"cleaner\"><\/div>\n<div id=\"faq\">\n<h3>Support &#038; Downloads<\/h3>\n<ul>\n<li><span class=\"fa\">\uf016<\/span> <a href=\"https:\/\/drive.google.com\/file\/d\/18sPXpcq8CKbVDmsL3eXCV8VgXLG9ZW68\/view\">Getting started (Quick Guide)<\/a><\/li>\n<li><span class=\"fa\">\uf059<\/span> <a href=\"\/help\/index.php\/phones\/essence\/\">FAQ: Essence<\/a><\/li>\n<li><span class=\"fa\">\uf016<\/span> <a href=\"https:\/\/drive.google.com\/file\/d\/1Zn8AxNq59e0Ek_Jtmh4Kk27Uh5NLj-AQ\/view\">User Guide (Full guide, Essence Family)<\/a><\/li>\n<li><span class=\"fa\">\uf016<\/span> <a href=\"https:\/\/www.jablotool.com\/search?product=GDP-06E&#038;tags=USERGUIDE\">Product documentation<\/a><\/li>\n<li><span class=\"fa\">\uf016<\/span> <a href=\"https:\/\/www.jablotool.com\/search?product=PHONESOLUTION&#038;tags=MARKETING&#038;fulltext=brochure\">Phone Solution brochures<\/a><\/li>\n<\/ul>\n<p><a class=\"whitebutt\" href=\"\/help\/index.php\/phones\/essence\/\">Show more<\/a><\/p>\n<\/div>\n<div id=\"jbt-phones\">\n<h3>Cloud Administration Guide<\/h3>\n<p>This step-by-step guide shows how to use Jablotool.com for effective administration of desktop phones in your company.<br \/>\n&nbsp;<br \/>\n&nbsp;<br \/>\n<a class=\"whitebutt\" nohref=\"\/index.php\/jablotool\/jablotool-for-phones\/\">Coming soon<\/a><\/p>\n<\/div>\n<div class=\"cleaner\"><\/div>\n<div id=\"technical\">\n<h3>Technical specification<\/h3>\n<table>\n<tbody>\n<tr>\n<td><strong>Article number<\/strong><\/td>\n<td>GDP-06e<\/td>\n<\/tr>\n<tr>\n<td><strong>Mobile network<\/strong><\/td>\n<td>GSM B2\/B3\/B5\/B8 (850\/900\/1800\/1900 MHz)<br \/>DC-HSPA+ B1\/B2\/B5\/B8<br \/>LTE (FDD) B1\/B2\/B3\/B5\/B7\/B8\/B20 (Cat.4, VoLTE not supported)<\/td>\n<\/tr>\n<td><strong>Audio codecs<\/strong><\/td>\n<td>HR, FR, EFR, AMR<\/td>\n<\/tr>\n<td><strong>VoLTE<\/strong><\/td>\n<td>Not supported<\/td>\n<\/tr>\n<tr>\n<td><strong>Display<\/strong><\/td>\n<td>Graphical monochromatic LCD display with backlight (128&#215;40 px)<\/td>\n<\/tr>\n<tr>\n<td><strong>Memory<\/strong><\/td>\n<td>2500 contacts, 100 call records, 100 text messages<\/td>\n<\/tr>\n<tr>\n<td><strong>Hands free calling<\/strong><\/td>\n<td>Built-in speaker and microphone<\/td>\n<\/tr>\n<tr>\n<td><strong>Advanced call functions<\/strong><\/td>\n<td>Caller ID, Mute, Hold, Conference call, Call waiting, Call divert, Explicit call transfer<\/td>\n<\/tr>\n<tr>\n<td><strong>Operating conditions<\/strong><\/td>\n<td>-10\u00b0C to +55\u00b0C; 25 % to 75 % humidity<\/td>\n<\/tr>\n<tr>\n<td><strong>AC power adaptor<\/strong><\/td>\n<td>100 &#8211; 240 V AC, 50 to 60 Hz, output 5 V \/ 1 A DC<\/td>\n<\/tr>\n<tr>\n<td><strong>Backup battery<\/strong><\/td>\n<td>Li-ion, 1300 mAh<\/td>\n<\/tr>\n<tr>\n<td><strong>Wall mountable<\/strong><\/td>\n<td>YES<\/td>\n<\/tr>\n<\/tbody>\n<\/table>\n<\/div>\n<div id=\"interested\">\n<h3>&nbsp;<\/h3>\n<p><a href=\"https:\/\/www.noabe.shop\/en\/phones\" class=\"greenbutt buybutt\">Our e-shop <span class=\"fa\">\uf07a<\/span><\/a><a href=\"\/index.php\/where-to-buy\/\" class=\"greenbutt buybutt\">Where to buy&nbsp;<\/a><br \/>\n&nbsp;<br \/>\n&nbsp;<br \/>\n&nbsp;<br \/>\nAre you interested in distributing or selling Essence?<br \/>\nPlease, <a href=\"\/index.php\/about\/people-and-contacts\/\">contact us<\/a>.<\/p>\n<\/div>\n<div class=\"cleaner\"><\/div>\n<\/div>\n","protected":false},"excerpt":{"rendered":"<p>\uf077 Details Features Support JabloTool Technical Essence GDP-06e(2020-2021) Business desktop phone Comfortable and intuitive mobile desktop phone with contact synchronisation and cloud administration \uf0c0 Contact sync \uf0c2 Cloud administration \uf142 11 Quick dial Hotkeys \uf064 Call transfer button &#xf012; SIM card operated &#xf164; 3-years of warranty &nbsp; &nbsp; &nbsp; &nbsp; Our e-shop \uf07a &nbsp; &nbsp; [&hellip;]<\/p>\n","protected":false},"author":14,"featured_media":0,"parent":0,"menu_order":0,"comment_status":"closed","ping_status":"closed","template":"page-templates\/full-width.php","meta":{"_lmt_disableupdate":"","_lmt_disable":"","footnotes":""},"categories":[],"tags":[],"class_list":["post-177","page","type-page","status-publish","hentry"],"_links":{"self":[{"href":"https:\/\/www.noabe.com\/index.php\/wp-json\/wp\/v2\/pages\/177","targetHints":{"allow":["GET"]}}],"collection":[{"href":"https:\/\/www.noabe.com\/index.php\/wp-json\/wp\/v2\/pages"}],"about":[{"href":"https:\/\/www.noabe.com\/index.php\/wp-json\/wp\/v2\/types\/page"}],"author":[{"embeddable":true,"href":"https:\/\/www.noabe.com\/index.php\/wp-json\/wp\/v2\/users\/14"}],"replies":[{"embeddable":true,"href":"https:\/\/www.noabe.com\/index.php\/wp-json\/wp\/v2\/comments?post=177"}],"version-history":[{"count":0,"href":"https:\/\/www.noabe.com\/index.php\/wp-json\/wp\/v2\/pages\/177\/revisions"}],"wp:attachment":[{"href":"https:\/\/www.noabe.com\/index.php\/wp-json\/wp\/v2\/media?parent=177"}],"wp:term":[{"taxonomy":"category","embeddable":true,"href":"https:\/\/www.noabe.com\/index.php\/wp-json\/wp\/v2\/categories?post=177"},{"taxonomy":"post_tag","embeddable":true,"href":"https:\/\/www.noabe.com\/index.php\/wp-json\/wp\/v2\/tags?post=177"}],"curies":[{"name":"wp","href":"https:\/\/api.w.org\/{rel}","templated":true}]}}