{"id":12515,"date":"2022-12-15T09:59:20","date_gmt":"2022-12-15T08:59:20","guid":{"rendered":"https:\/\/www.noabe.com\/?page_id=12515"},"modified":"2026-04-17T07:52:42","modified_gmt":"2026-04-17T05:52:42","slug":"essence","status":"publish","type":"page","link":"https:\/\/www.noabe.com\/index.php\/products\/essence\/","title":{"rendered":"Essence (GDP-10 \/ GDP-10i)"},"content":{"rendered":"<div id=\"product_detail\">\n<nav id=\"test\" class=\"submenu\">\n<ul class=\"nav\">\n<li><a href=\"#xbody\"><span class=\"fa\">\uf077<\/span><\/a><\/li>\n<li><a href=\"#details\">Details<\/a><\/li>\n<li><a href=\"#features\">Features<\/a><\/li>\n<li><a href=\"#technical\">Technical<\/a><\/li>\n<\/ul>\n<div class=\"cleaner\"><\/div>\n<\/nav>\n<div class=\"head_left\">\n<h2>Essence<br \/>\nBusiness desktop phone<\/h2>\n<p>Comfortable and intuitive mobile desktop phone with 4G \/ VoLTE support, contact synchronisation and cloud administration<\/p>\n<div class=\"ben\">\n<div class=\"ic\"><span class=\"fa\">\uf0c0<\/span><\/div>\n<p>Contact<br \/>\nsync<\/p>\n<\/div>\n<div class=\"ben\">\n<div class=\"ic\"><span class=\"fa\">\uf0c2<\/span><\/div>\n<p>Cloud<br \/>\nadministration<\/p>\n<\/div>\n<div class=\"ben\">\n<div class=\"ic\"><span class=\"fa\">\uf142<\/span><\/div>\n<p>11 Quick dial<br \/>\nHotkeys<\/p>\n<\/div>\n<div class=\"ben\">\n<div class=\"ic\"><span class=\"fa\">\uf064<\/span><\/div>\n<p>Remote firmware<br \/>\nupdate<\/p>\n<\/div>\n<div class=\"ben\">\n<div class=\"ic\"><span class=\"fa\">&#xf012;<\/span><\/div>\n<p>SIM card<br \/>\noperated<\/p>\n<\/div>\n<div class=\"ben\">\n<div class=\"ic\"><span class=\"fa\">&#xf164;<\/span><\/div>\n<p>3-years of<br \/>\nwarranty*<\/p>\n<\/div>\n<\/div>\n<div class=\"head_right\"><img decoding=\"async\" class=\"rsTmb\" src=\"\/wp-content\/themes\/wp-lightgreen\/img\/essence\/essence_product_page.png\" width=\"500\" \/><\/div>\n<div class=\"cleaner\"><\/div>\n<div id=\"details\">\n<div class=\"buy\"><a class=\"whitebutt\" href=\"\/index.php\/where-to-buy\/\">Where to buy\u00a0<\/a><br \/>\n<a class=\"whitebutt\" href=\"https:\/\/www.noabe.shop\/en\/phones\">Our e-shop <span class=\"fa\">\uf07a<\/span><\/a><br \/>\n<a class=\"whitebutt\" href=\"\/help\/index.php\/phones\/essence\/\">Support \/ FAQ<\/a><br \/>\n<a class=\"whitebutt\" href=\"\/help\/index.php\/jablotool\/\">Cloud Administration Guide<\/a><br \/>\n<a class=\"whitebutt\" href=\"https:\/\/www.noabe.com\/help\/index.php\/gdp-10-downloads\/\">Downloads<\/a><\/div>\n<p><b>Familiar and smart<\/b><br \/>\nFamiliar shape of an office phone, intuitive use, synchronized contacts, first-class reliability and cloud administration. That makes Essence an ideal SIM operated phone for almost any office. Keep the flexibility of mobile phone but enjoy large keypad and calling with the proper handset.<\/p>\n<p>&nbsp;<\/p>\n<p><b>Comfortable and helpful<\/b><br \/>\nFeatures like loudspeaker, silent mode or programmable call transfer sequence make everyday use of Essence comfortable.<br \/>\nEleven hotkeys not only offer quick dialling of your most important contact, but also notifies you about missed calls. Your boss did not reach you? The blinking indicator light next to the assigned hotkey lets you know.<\/p>\n<p>&nbsp;<\/p>\n<p><b>Always synchronized<\/b><br \/>\nOur cloud service Jablotool.com offers web access to your phone. You can comfortably manage your phone book and hotkeys, write a text message (SMS), read incoming messages, check missed calls, forward incoming calls to a colleague or synchronize contacts with your Google or Microsoft Exchange account.<\/p>\n<p>&nbsp;<\/p>\n<p><b>Cloud administration<\/b><br \/>\n<img decoding=\"async\" src=\"https:\/\/www.noabe.com\/wp-content\/uploads\/img\/phone-solution-jablotool1.png\" width=\"50%\" align=\"right\" hspace=\"10\" \/>Jablotool.com (see <a href=\"https:\/\/www.noabe.com\/help\/index.php\/jablotool\/\">guide<\/a>) is also an effective tool for administration of desktop phones in companies. Administrator has an overview over phone statuses, can create phone groups and shared address books, set up call forwarding rules, assign users and define their rights. All with just a few clicks and without fees.<\/p>\n<div class=\"cleaner\"><\/div>\n<\/div>\n<div id=\"features\">\n<h3>Features<\/h3>\n<div class=\"ben\">\n<div class=\"ic\"><span class=\"fa\">\uf0c0<\/span><\/div>\n<p><strong>Contact sync<\/strong><\/p>\n<p>Synchronize contacts in your Essence with <span class=\"fa\">\uf1a0<\/span> Google, <span class=\"fa\">\uf17a<\/span> Microsoft Exchange or Jablotool account.<\/p>\n<\/div>\n<div class=\"ben\">\n<div class=\"ic\"><span class=\"fa\">\uf109<\/span><\/div>\n<p><strong>Remote access<\/strong><\/p>\n<p>Access your missed calls, incoming messages and phone settings remotely in our cloud. Stay in touch even when you are travelling.<\/p>\n<\/div>\n<div class=\"ben\">\n<div class=\"ic\"><span class=\"fa\">\uf0c2<\/span><\/div>\n<p><strong>Cloud administration<\/strong><\/p>\n<p>Administer whole groups of phones, check phone statuses, share corporate address book, define user rights, set up call forwarding rules and help users remotely.<\/p>\n<\/div>\n<div class=\"ben\">\n<div class=\"ic\"><span class=\"fa\">\uf064<\/span><\/div>\n<p><strong>Configurable call transfer<\/strong><\/p>\n<p>Essence has dedicated Transfer button with programmable USSD\/DTMF sequence for call transfer.<\/p>\n<\/div>\n<div class=\"ben\">\n<div class=\"ic\"><span class=\"fa\">\uf142<\/span><\/div>\n<p><strong>11 Speed dial hotkeys<\/strong><\/p>\n<p>Dial your most frequent contacts with one button. The button lights up when the contact is calling or leaves a missed call.<\/p>\n<\/div>\n<div class=\"ben\">\n<div class=\"ic\"><span class=\"fa\">\uf095<\/span><\/div>\n<p><strong>Advanced call functions<\/strong><\/p>\n<p>Conference call, Mute, Hold, Call waiting, Call divert, HD Voice<\/p>\n<\/div>\n<div class=\"ben\">\n<div class=\"ic\"><span class=\"fa\">\uf1ab<\/span><\/div>\n<p><strong>Menu in 16 languages<\/strong><\/p>\n<p>English, \u010ce\u0161tina, Dansk, Deutsch, Espa\u00f1ol, Fran\u00e7ais, Italiano, Magyar, Nederlands, Norsk, Polski, Portugu\u00eas, Sloven\u010dina, Slovene, Suomi, Svensk<\/p>\n<\/div>\n<div class=\"ben\">\n<div class=\"ic\"><span class=\"fa\">\uf0c2<\/span><\/div>\n<p><strong>Remote firmware update<\/strong><\/p>\n<p>Update of the phone firmware over the mobile network, initiated from the phone keyboard or via JABLOTOOL.com<\/p>\n<\/div>\n<div class=\"cleaner\"><\/div>\n<\/div>\n<div class=\"cleaner\"><\/div>\n<div id=\"technical\">\n<h3>Technical specification<\/h3>\n<table>\n<tbody>\n<tr>\n<td><strong>Type<\/strong><\/td>\n<td>GDP-10(i)<\/td>\n<\/tr>\n<tr>\n<td><strong>Technology<\/strong><\/td>\n<td>LTE, UMTS\/HSPA+, GSM\/GPRS\/EDGE<\/td>\n<\/tr>\n<tr>\n<td><strong>Bands<\/strong><\/td>\n<td>GSM: B3\/B8<br \/>WCDMA: B1\/B8<br \/>LTE (FDD): B1\/B3\/B7\/B8\/B20\/B28A\n<\/td>\n<\/tr>\n<td><strong>Voice codecs<\/strong><\/td>\n<td>VoLTE, HD Voice (AMR-WB)<\/td>\n<tr>\n<td><strong>Call functions<\/strong><\/td>\n<td>Conference call, Call waiting, Call forwarding, Programmable USSD\/DTMF call transfer sequence, ECT (2G\/3G only), Speakerphone, Mute, Hold, Caller ID<\/td>\n<\/tr>\n<tr>\n<td><strong>Other functions<\/strong><\/td>\n<td>Text messages (SMS)<\/td>\n<\/tr>\n<td><strong>Memory<\/strong><\/td>\n<td>5000 names (15000 numbers), 100 messages, 100 records in call history<\/td>\n<\/tr>\n<td><strong>One-touch access<\/strong><\/td>\n<td>Quick dialing (11 hotkeys), Call history, Contacts, Call transfer, Speakerphone, Silent mode<\/td>\n<\/tr>\n<tr>\n<td><strong>Cloud administration<\/strong><\/td>\n<td>Phone group administration, shared phonebook, contact sync, writing text messages (SMS), reading text messages (SMS), call history sync, remote call forwarding setting, assigning of user and user rights, firmware update<\/td>\n<\/tr>\n<tr>\n<td><strong>Menu languages<\/strong><\/td>\n<td>English, \u010ce\u0161tina, Dansk, Deutsch, Espa\u00f1ol, Fran\u00e7ais, Italiano, Magyar, Nederlands, Norsk, Polski, Portugu\u00eas, Sloven\u010dina, Slovene, Suomi, Svensk<\/td>\n<\/tr>\n<tr>\n<td><strong>Dimensions<\/strong><\/td>\n<td>175 x 220 x 110 mm, 860 g<\/td>\n<\/tr>\n<tr>\n<td><strong>Powering<\/strong><\/td>\n<td>Adaptor: 5V\/1A (miniUSB); EU, US, UK plug<br \/>Backup battery: 1300 mAh (Li-ion)\n<\/td>\n<\/tr>\n<\/tbody>\n<\/table>\n<\/div>\n<div id=\"interested\">\n<h3><\/h3>\n<p><a class=\"greenbutt buybutt\" href=\"https:\/\/www.noabe.shop\/en\/phones\">Our e-shop <span class=\"fa\">\uf07a<\/span><\/a><a class=\"greenbutt buybutt\" href=\"\/index.php\/where-to-buy\/\">Where to buy\u00a0<\/a><\/p>\n<p>&nbsp;<\/p>\n<p>&nbsp;<\/p>\n<p><i>*) The manufacturer\u2019s extended warranty is provided on new phones in the official distribution in the length of 38 months after the first shipment from factory to the distributor. This warranty is based on our promise and our records related to each phone and thus does not require any proof from the customer.<\/i><\/p>\n<\/div>\n<div class=\"cleaner\"><\/div>\n<\/div>\n","protected":false},"excerpt":{"rendered":"<p>\uf077 Details Features Technical Essence Business desktop phone Comfortable and intuitive mobile desktop phone with 4G \/ VoLTE support, contact synchronisation and cloud administration \uf0c0 Contact sync \uf0c2 Cloud administration \uf142 11 Quick dial Hotkeys \uf064 Remote firmware update &#xf012; SIM card operated &#xf164; 3-years of warranty* Where to buy\u00a0 Our e-shop \uf07a Support \/ [&hellip;]<\/p>\n","protected":false},"author":18,"featured_media":0,"parent":23,"menu_order":1,"comment_status":"closed","ping_status":"closed","template":"","meta":{"_lmt_disableupdate":"no","_lmt_disable":"","footnotes":""},"categories":[18,12,52,53,77],"tags":[],"class_list":["post-12515","page","type-page","status-publish","hentry","category-ok","category-essence","category-gdp-10","category-gdp-10i","category-intro"],"_links":{"self":[{"href":"https:\/\/www.noabe.com\/index.php\/wp-json\/wp\/v2\/pages\/12515","targetHints":{"allow":["GET"]}}],"collection":[{"href":"https:\/\/www.noabe.com\/index.php\/wp-json\/wp\/v2\/pages"}],"about":[{"href":"https:\/\/www.noabe.com\/index.php\/wp-json\/wp\/v2\/types\/page"}],"author":[{"embeddable":true,"href":"https:\/\/www.noabe.com\/index.php\/wp-json\/wp\/v2\/users\/18"}],"replies":[{"embeddable":true,"href":"https:\/\/www.noabe.com\/index.php\/wp-json\/wp\/v2\/comments?post=12515"}],"version-history":[{"count":19,"href":"https:\/\/www.noabe.com\/index.php\/wp-json\/wp\/v2\/pages\/12515\/revisions"}],"predecessor-version":[{"id":12925,"href":"https:\/\/www.noabe.com\/index.php\/wp-json\/wp\/v2\/pages\/12515\/revisions\/12925"}],"up":[{"embeddable":true,"href":"https:\/\/www.noabe.com\/index.php\/wp-json\/wp\/v2\/pages\/23"}],"wp:attachment":[{"href":"https:\/\/www.noabe.com\/index.php\/wp-json\/wp\/v2\/media?parent=12515"}],"wp:term":[{"taxonomy":"category","embeddable":true,"href":"https:\/\/www.noabe.com\/index.php\/wp-json\/wp\/v2\/categories?post=12515"},{"taxonomy":"post_tag","embeddable":true,"href":"https:\/\/www.noabe.com\/index.php\/wp-json\/wp\/v2\/tags?post=12515"}],"curies":[{"name":"wp","href":"https:\/\/api.w.org\/{rel}","templated":true}]}}