{"id":12513,"date":"2022-12-15T08:05:37","date_gmt":"2022-12-15T07:05:37","guid":{"rendered":"https:\/\/www.noabe.com\/?page_id=12513"},"modified":"2022-12-15T08:05:37","modified_gmt":"2022-12-15T07:05:37","slug":"gdp09","status":"publish","type":"page","link":"https:\/\/www.noabe.com\/index.php\/gdp09\/","title":{"rendered":"Essence (GDP-09)"},"content":{"rendered":"<div id=\"product_detail\">\n<nav id=\"test\" class=\"submenu\">\n<ul class=\"nav\">\n<li><a href=\"#xbody\"><span class=\"fa\">\uf077<\/span><\/a><\/li>\n<li><a href=\"#details\">Details<\/a><\/li>\n<li><a href=\"#features\">Features<\/a><\/li>\n<li><a href=\"#technical\">Technical<\/a><\/li>\n<\/ul>\n<div class=\"cleaner\"><\/div>\n<\/nav>\n<div class=\"head_left\">\n<h2>Essence GDP-09<br \/>(2021-2023)<br \/>\n<span>Business desktop phone<\/span><\/h2>\n<p>Comfortable and intuitive mobile desktop phone with 4G \/ VoLTE support, contact synchronisation and cloud administration<\/p>\n<div class=\"ben\">\n<div class=\"ic\"><span class=\"fa\">\uf0c0<\/span><\/div>\n<p>Contact<br \/>\nsync<\/p>\n<\/div>\n<div class=\"ben\">\n<div class=\"ic\"><span class=\"fa\">\uf0c2<\/span><\/div>\n<p>Cloud<br \/>\nadministration<\/p>\n<\/div>\n<div class=\"ben\">\n<div class=\"ic\"><span class=\"fa\">\uf142<\/span><\/div>\n<p>11 Quick dial<br \/>\nHotkeys<\/p>\n<\/div>\n<div class=\"ben\">\n<div class=\"ic\"><span class=\"fa\">\uf064<\/span><\/div>\n<p>Call transfer<br \/>\nbutton<\/p>\n<\/div>\n<div class=\"ben\">\n<div class=\"ic\"><span class=\"fa\">&#xf012;<\/span><\/div>\n<p>SIM card<br \/>\noperated<\/p>\n<\/div>\n<div class=\"ben\">\n<div class=\"ic\"><span class=\"fa\">&#xf164;<\/span><\/div>\n<p>3-years of<br \/>\nwarranty*<\/p>\n<\/div>\n<\/div>\n<div class=\"head_right\">\n<img decoding=\"async\" class=\"rsTmb\" src=\"\/wp-content\/themes\/wp-lightgreen\/img\/essence\/essence_product_page.png\" width=\"500\">\n<\/div>\n<div class=\"cleaner\"><\/div>\n<div id=\"details\">\n&nbsp;<br \/>\n&nbsp;<br \/>\n&nbsp;<br \/>\n&nbsp;<\/p>\n<div class=\"buy\"><a href=\"\/index.php\/where-to-buy\/\" class=\"whitebutt\">Where to buy&nbsp;<\/a><br \/>\n<a href=\"https:\/\/www.noabe.shop\/en\/phones\" class=\"whitebutt\">Our e-shop <span class=\"fa\">\uf07a<\/span><\/a><br \/>\n<a class=\"whitebutt\" href=\"\/help\/index.php\/phones\/essence\/\">Support \/ FAQ<\/a><br \/>\n<a class=\"whitebutt\" href=\"\/help\/index.php\/jablotool\/phone-administration\/\">Cloud Administration Guide<\/a><br \/>\n<a class=\"whitebutt\" href=\"https:\/\/www.jablotool.com\/search\">Downloads<\/a><\/p>\n<\/div>\n<p><b>Familiar and smart<\/b><br \/>\nFamiliar shape of an office phone, intuitive use, synchronized contacts, first-class reliability and cloud administration. That makes Essence an ideal desktop mobile phone for almost any office. If you are looking for a proven landline replacement, you have found it.<\/p>\n<p>&nbsp;<\/p>\n<p><b>Comfortable and helpful<\/b><br \/>\nEleven quick dial hotkeys, dedicated call transfer button, loudspeaker or silent mode make everyday use of Essence comfortable. Multicolour LED lights are used for intuitive notifications. Do you have a missed call from your boss? The blinking LED next to an assigned hotkey will let you know. Is silent mode or loudspeaker turned on? A dedicated key will light up. Essence keeps you in the picture.<\/p>\n<p>&nbsp;<\/p>\n<p><b>Always synchronized<\/b><br \/>\nThanks to our cloud service Jablotool.com you can access your phone remotely from any web browser, comfortably manage your phone book and hotkeys, send a text message (SMS), read incoming messages, check missed calls or divert incoming calls to a colleague. If you use Google or Microsoft Exchange account, you can easily synchronize contacts with your Essence phone.<\/p>\n<p>&nbsp;<\/p>\n<p><b>Cloud administration<\/b><br \/>\n<img decoding=\"async\" src=\"https:\/\/www.noabe.com\/wp-content\/uploads\/img\/phone-solution-jablotool1.png\" align=\"right\" hspace=\"10\" width=\"50%\">Jablotool.com provides also intuitive but effective administration of desktop phones in companies and institutions. Administrators have a complete overview of phone status, can create phone groups and shared corporate address books, assign users and define their rights, set up call forwarding rules, etc. All with just a few clicks.<\/p>\n<div class=\"cleaner\"><\/div>\n<\/div>\n<div id=\"features\">\n<h3>Features<\/h3>\n<div class=\"ben\">\n<div class=\"ic\"><span class=\"fa\">&#xf0c0;<\/span><\/div>\n<p><strong>Contact sync<\/strong><\/p>\n<p>Synchronize contacts in your Essence with <span class=\"fa\">&#xf1a0;<\/span> Google, <span class=\"fa\">&#xf17a;<\/span> Microsoft Exchange or Jablotool account.<\/p>\n<\/div>\n<div class=\"ben\">\n<div class=\"ic\"><span class=\"fa\">&#xf109;<\/span><\/div>\n<p><strong>Remote access<\/strong><\/p>\n<p>Access your missed calls, incoming messages and phone settings remotely in our cloud. Stay in touch even when you are travelling.<\/p>\n<\/div>\n<div class=\"ben\">\n<div class=\"ic\"><span class=\"fa\">&#xf0c2;<\/span><\/div>\n<p><strong>Cloud administration<\/strong><\/p>\n<p>Administer whole groups of phones, check phone statuses, share corporate address book, define user rights, set up call forwarding rules and help users remotely.<\/p>\n<\/div>\n<div class=\"ben\">\n<div class=\"ic\"><span class=\"fa\">\uf064<\/span><\/div>\n<p><strong>Call transfer<\/strong><\/p>\n<p>Essence supports the call transfer function using both the explicit call transfer (ECT) standard and configurable USSD\/DTMF commands. It has dedicated Transfer button.<\/p>\n<\/div>\n<div class=\"ben\">\n<div class=\"ic\"><span class=\"fa\">\uf142<\/span><\/div>\n<p><strong>11 Speed dial hotkeys<\/strong><\/p>\n<p>Dial your most frequent contacts with one button. The button lights up when the contact is calling or leaves a missed call.<\/p>\n<\/div>\n<div class=\"ben\">\n<div class=\"ic\"><span class=\"fa\">&#xf0eb;<\/span><\/div>\n<p><strong>Light signals<\/strong><\/p>\n<p>Do you have a missed call from your boss? Blinking hotkey will let you know. Is silent mode or loudspeaker turned on? A dedicated key will light up.<\/p>\n<\/div>\n<div class=\"ben\">\n<div class=\"ic\"><span class=\"fa\">&#xf095;<\/span><\/div>\n<p><strong>Advanced call functions<\/strong><\/p>\n<p>Conference call, Mute, Hold, Call waiting, Call divert, Explicit call transfer<\/p>\n<\/div>\n<div class=\"ben\">\n<div class=\"ic\"><span class=\"fa\">&#xf1ab;<\/span><\/div>\n<p><strong>Menu in 16 languages<\/strong><\/p>\n<p>English, \u010ce\u0161tina, Dansk, Deutsch, Espa\u00f1ol, Fran\u00e7ais, Italiano, Magyar, Nederlands, Norsk, Polski, Portugu\u00eas, Sloven\u010dina, Slovene, Suomi, Svensk<\/p>\n<\/div>\n<div class=\"cleaner\"><\/div>\n<\/div>\n<div class=\"cleaner\"><\/div>\n<div id=\"technical\">\n<h3>Technical specification<\/h3>\n<p>&nbsp;<br \/>\n<b>Essence GDP-09<\/b><br \/>\n&nbsp;<\/p>\n<table>\n<tbody>\n<tr>\n<td><strong>Type<\/strong><\/td>\n<td>GDP-09<\/td>\n<\/tr>\n<tr>\n<td><strong>Availability<\/strong><\/td>\n<td>Denmark, Finland, Norway, Sweden<\/td>\n<\/tr>\n<tr>\n<td><strong>Technology<\/strong><\/td>\n<td>LTE, UMTS\/HSPA+, GSM\/GPRS\/EDGE<\/td>\n<\/tr>\n<tr>\n<td><strong>Bands<\/strong><\/td>\n<td>GSM: B3\/B8<br \/>WCDMA: B1\/B8<br \/>LTE (FDD): B1\/B3\/B7\/B8\/B20\/B28A\n<\/td>\n<\/tr>\n<td><strong>Voice over LTE (VoLTE)<\/strong><\/td>\n<td>Yes<\/td>\n<\/tr>\n<td><strong>HD Voice (AMR-WB)<\/strong><\/td>\n<td>Yes<\/td>\n<\/tr>\n<tr>\n<td><strong>Call functions<\/strong><\/td>\n<td>Hold, Conference call, Call waiting, Call forwarding, Explicit call transfer (ECT), Caller ID\n<\/td>\n<\/tr>\n<tr>\n<td><strong>Other functions<\/strong><\/td>\n<td>Text messages (SMS), Speakerphone<\/td>\n<\/tr>\n<td><strong>Memory<\/strong><\/td>\n<td>2500 names (7500 numbers), 100 messages, 100 records in call history<\/td>\n<\/tr>\n<td><strong>One-touch access<\/strong><\/td>\n<td>Quick dialing (11 hotkeys), Call history, Contacts, Call transfer, Speakerphone, Silent mode<\/td>\n<\/tr>\n<tr>\n<td><strong>Cloud administration<\/strong><\/td>\n<td>Phone group administration, shared phonebook, remote access, contact sync, call history sync, text messages sync, remote call forwarding setting, firmware update<\/td>\n<\/tr>\n<tr>\n<td><strong>Menu languages<\/strong><\/td>\n<td>English, \u010ce\u0161tina, Dansk, Deutsch, Espa\u00f1ol, Fran\u00e7ais, Italiano, Magyar, Nederlands, Norsk, Polski, Portugu\u00eas, Sloven\u010dina, Slovene, Suomi, Svensk<\/td>\n<\/tr>\n<tr>\n<td><strong>Dimensions<\/strong><\/td>\n<td>175 x 220 x 110 mm, 860 g<\/td>\n<\/tr>\n<tr>\n<td><strong>Powering<\/strong><\/td>\n<td>Adaptor: 5V\/1A (miniUSB); EU, US, UK plug<br \/>Backup battery: 1300 mAh (Li-ion)\n<\/td>\n<\/tr>\n<\/tbody>\n<\/table>\n<\/div>\n<div id=\"interested\">\n<h3>&nbsp;<\/h3>\n<p><a href=\"https:\/\/www.noabe.shop\/en\/phones\" class=\"greenbutt buybutt\">Our e-shop <span class=\"fa\">\uf07a<\/span><\/a><a href=\"\/index.php\/where-to-buy\/\" class=\"greenbutt buybutt\">Where to buy&nbsp;<\/a><br \/>\n&nbsp;<br \/>\n&nbsp;<br \/>\n&nbsp;<br \/>\n&nbsp;<br \/>\n&nbsp;<br \/>\n<i>*) The manufacturer\u2019s extended warranty is provided on new phones in the official distribution in the length of 38 months after the first shipment from factory (to the distributor). This warranty is based on our promise and our records related to each phone and thus does not require any proof from the customer.<\/i><\/p>\n<\/div>\n<div class=\"cleaner\"><\/div>\n<\/div>\n","protected":false},"excerpt":{"rendered":"<p>\uf077 Details Features Technical Essence GDP-09(2021-2023) Business desktop phone Comfortable and intuitive mobile desktop phone with 4G \/ VoLTE support, contact synchronisation and cloud administration \uf0c0 Contact sync \uf0c2 Cloud administration \uf142 11 Quick dial Hotkeys \uf064 Call transfer button &#xf012; SIM card operated &#xf164; 3-years of warranty* &nbsp; &nbsp; &nbsp; &nbsp; Where to buy&nbsp; [&hellip;]<\/p>\n","protected":false},"author":14,"featured_media":0,"parent":0,"menu_order":0,"comment_status":"closed","ping_status":"closed","template":"","meta":{"_lmt_disableupdate":"","_lmt_disable":"","footnotes":""},"categories":[],"tags":[],"class_list":["post-12513","page","type-page","status-publish","hentry"],"_links":{"self":[{"href":"https:\/\/www.noabe.com\/index.php\/wp-json\/wp\/v2\/pages\/12513","targetHints":{"allow":["GET"]}}],"collection":[{"href":"https:\/\/www.noabe.com\/index.php\/wp-json\/wp\/v2\/pages"}],"about":[{"href":"https:\/\/www.noabe.com\/index.php\/wp-json\/wp\/v2\/types\/page"}],"author":[{"embeddable":true,"href":"https:\/\/www.noabe.com\/index.php\/wp-json\/wp\/v2\/users\/14"}],"replies":[{"embeddable":true,"href":"https:\/\/www.noabe.com\/index.php\/wp-json\/wp\/v2\/comments?post=12513"}],"version-history":[{"count":1,"href":"https:\/\/www.noabe.com\/index.php\/wp-json\/wp\/v2\/pages\/12513\/revisions"}],"predecessor-version":[{"id":12636,"href":"https:\/\/www.noabe.com\/index.php\/wp-json\/wp\/v2\/pages\/12513\/revisions\/12636"}],"wp:attachment":[{"href":"https:\/\/www.noabe.com\/index.php\/wp-json\/wp\/v2\/media?parent=12513"}],"wp:term":[{"taxonomy":"category","embeddable":true,"href":"https:\/\/www.noabe.com\/index.php\/wp-json\/wp\/v2\/categories?post=12513"},{"taxonomy":"post_tag","embeddable":true,"href":"https:\/\/www.noabe.com\/index.php\/wp-json\/wp\/v2\/tags?post=12513"}],"curies":[{"name":"wp","href":"https:\/\/api.w.org\/{rel}","templated":true}]}}