{"id":12009,"date":"2019-01-21T12:00:09","date_gmt":"2019-01-21T11:00:09","guid":{"rendered":"http:\/\/www.noabe.cloud\/?page_id=12009"},"modified":"2025-12-18T16:40:36","modified_gmt":"2025-12-18T15:40:36","slug":"where-to-buy","status":"publish","type":"page","link":"https:\/\/www.noabe.com\/index.php\/where-to-buy\/","title":{"rendered":"Where to buy"},"content":{"rendered":"<h2 id=\"europe\">Where to buy<\/h2>\n<nav id=\"test\" class=\"submenu\">\n<ul class=\"nav\">\n<li><a href=\"http:\/\/www.noabe.shop\">Noabe.shop<\/a><\/li>\n<li><a href=\"#europe\">Europe<\/a><\/li>\n<li><a href=\"#overseas\">Overseas<\/a><\/li>\n<\/ul>\n<div class=\"cleaner\"><\/div>\n<\/nav>\n<h2 id=\"europe\">Europe<\/h2>\n<p>&nbsp;<\/p>\n<h3>Austria<\/h3>\n<div class=\"guide\">\n<ul>\n<li class=\"noborder\" style=\"font-size: 15px; text-align: left;\"><span style=\"font-size: 18px; font-weight: bold;\">Drei<\/span><br \/>\nMobile operator<br \/>\n<a style=\"color: #6ebf5d;\" href=\"https:\/\/www.drei.at\">www.drei.at<\/a><\/li>\n<li class=\"noborder\" style=\"font-size: 15px; text-align: left;\"><span style=\"font-size: 18px; font-weight: bold;\">Magenta Telecom<br \/>\n<\/span><span style=\"font-size: 18px; font-weight: bold;\">(T-Mobile Austria)<\/span><br \/>\nMobile operator<br \/>\n<a style=\"color: #6ebf5d;\" href=\"https:\/\/www.magenta.at\/business\/internet-festnetz\/festnetz-telefonie-uebersicht\/aic-uebersicht\/mobiles-festnetz\">www.magenta.at<\/a><\/li>\n<li class=\"noborder\" style=\"font-size: 15px; text-align: left;\"><span style=\"font-size: 18px; font-weight: bold;\">Telepartner<\/span><br \/>\nSeller<br \/>\nBahnhofstrasse 35<br \/>\n4100 Ottensheim<br \/>\n<a style=\"color: #6ebf5d;\" href=\"https:\/\/1apartner.at\/3telefonanlage-und-tischapparate\/\">www.1apartner.at<\/a><\/li>\n<li class=\"noborder\" style=\"font-size: 15px; text-align: left;\"><span style=\"font-size: 18px; font-weight: bold;\">3Eck KG<\/span><br \/>\nSeller<br \/>\nPerg, Ennsdorf<br \/>\n<a style=\"color: #6ebf5d;\" href=\"http:\/\/www.dreieck.at\">www.dreieck.at<\/a><\/li>\n<\/ul>\n<\/div>\n<h3>Belgium<\/h3>\n<div class=\"guide\">\n<ul>\n<li class=\"noborder\" style=\"font-size: 15px; text-align: left; background-color: #eee;\"><span style=\"font-size: 18px; font-weight: bold;\">Lydis<\/span><br \/>\nNational Distributor<br \/>\nJool-Hulstraat 16<br \/>\n1327 HA Almere<br \/>\nNetherlands<br \/>\n<a style=\"color: #6ebf5d;\" href=\"https:\/\/www.lydis.nl\/producten?q=noabe\">www.lydis.nl<\/a><\/li>\n<\/ul>\n<\/div>\n<div class=\"cleaner\"><\/div>\n<p>&nbsp;<\/p>\n<h3>Czech Republic<\/h3>\n<div class=\"guide\">\n<ul>\n<li class=\"noborder\" style=\"font-size: 15px; text-align: left; background-color: #eee;\"><span style=\"font-size: 18px; font-weight: bold;\">Good Sailors<\/span><br \/>\nNational distributor, Seller<br \/>\nProvaznick\u00e1 737\/12<br \/>\n405 02 D\u011b\u010d\u00edn I<br \/>\n<a style=\"color: #6ebf5d;\" href=\"http:\/\/www.mobilnastul.cz\">www.mobilnastul.cz<\/a><\/li>\n<li class=\"noborder\" style=\"font-size: 15px; text-align: left;\"><span style=\"font-size: 18px; font-weight: bold;\">Telmo<\/span><br \/>\nSeller<br \/>\nPra\u017esk\u00e1 96, Jablonec n.N.<br \/>\nK P\u00e9rovn\u011b 33, Praha 10<br \/>\nNa Svahu 1090, Kosmonosy<br \/>\n<a style=\"color: #6ebf5d;\" href=\"https:\/\/www.jabloshop.cz\/stolni-telefony\">www.jabloshop.cz<\/a><\/li>\n<\/ul>\n<\/div>\n<div class=\"cleaner\"><\/div>\n<p>&nbsp;<\/p>\n<h3>Denmark<\/h3>\n<div class=\"guide\">\n<ul>\n<li class=\"noborder\" style=\"font-size: 15px; text-align: left; background-color: #eee;\"><span style=\"font-size: 18px; font-weight: bold;\">IsiComm Denmark A\/S<\/span><br \/>\nNational Distributor<br \/>\nLangebjerg 1<br \/>\n4000 Roskilde<br \/>\n<a style=\"color: #6ebf5d;\" href=\"https:\/\/isicom.dk\/telefoner\/4031-22616-noabe-essence-4g-volte-bordtelefon-8594070400454.html\">www.isicom.dk<\/a><\/li>\n<\/ul>\n<ul>\n<li class=\"noborder\" style=\"font-size: 15px; text-align: left;\"><span style=\"font-size: 18px; font-weight: bold;\">ALLNET Nordic<\/span><br \/>\nDistributor<br \/>\nWorld Trade Center<br \/>\nBorupvang 3<br \/>\nBallerup 2750<br \/>\n<a style=\"color: #6ebf5d;\" href=\"https:\/\/shop.allnet.de\/search?sSearch=Jablocom\">shop.allnet.de<\/a><\/li>\n<li class=\"noborder\" style=\"font-size: 15px; text-align: left;\"><span style=\"font-size: 18px; font-weight: bold;\">Netbutik.nu<\/span><br \/>\nSeller<br \/>\n<a style=\"color: #6ebf5d;\" href=\"https:\/\/netbutik.nu\/shop\/search-1.html?keyword=Jablocom\">www.netbutik.nu<\/a><\/li>\n<li class=\"noborder\" style=\"font-size: 15px; text-align: left;\"><span style=\"font-size: 18px; font-weight: bold;\">Telecall<\/span><br \/>\nSeller<br \/>\n<a style=\"color: #6ebf5d;\" href=\"https:\/\/telecall.dk\/jablocom-essence-4g-bordtelefon.html\">www.telecall.dk<\/a><\/li>\n<\/ul>\n<\/div>\n<div class=\"cleaner\"><\/div>\n<h3>Finland<\/h3>\n<div class=\"guide\">\n<ul>\n<li class=\"noborder\" style=\"font-size: 15px; text-align: left; background-color: #eee;\"><span style=\"font-size: 18px; font-weight: bold;\">Novosec<\/span><br \/>\nNational distributor<br \/>\nKilonkallio 3B<br \/>\n02610 Espoo<br \/>\n<a style=\"color: #6ebf5d;\" href=\"https:\/\/www.novosec.fi\/Index#g5\">www.novosec.fi<\/a><\/li>\n<\/ul>\n<\/div>\n<div class=\"cleaner\"><\/div>\n<p>&nbsp;<\/p>\n<h3>France<\/h3>\n<div class=\"guide\">\n<ul>\n<li class=\"noborder\" style=\"font-size: 15px; text-align: left;\"><span style=\"font-size: 18px; font-weight: bold;\">OneDirect<\/span><br \/>\nSeller<br \/>\n58, Avenue de Rivesaltes<br \/>\n66240 Saint Est\u00e8ve<br \/>\n<a style=\"color: #6ebf5d;\" href=\"https:\/\/www.onedirect.fr\/catalogsearch\/result\/?q=Jablocom\">www.onedirect.fr<\/a><\/li>\n<\/ul>\n<\/div>\n<div class=\"cleaner\"><\/div>\n<h3>Germany<\/h3>\n<div class=\"guide\">\n<ul>\n<li class=\"noborder\" style=\"font-size: 15px; text-align: left; background-color: #eee;\"><span style=\"font-size: 18px; font-weight: bold;\">Herweck<\/span><br \/>\nNational distributor<br \/>\nGeistkircher Stra\u00dfe 18<br \/>\n66386 St. Ingbert-Rohrbach<br \/>\n<a style=\"color: #6ebf5d;\" href=\"https:\/\/shop.herweck.de\/search?sSearch=Jablocom\">www.herweck.de<\/a><\/li>\n<li class=\"noborder\" style=\"font-size: 15px; text-align: left;\"><span style=\"font-size: 18px; font-weight: bold;\">OneDirect<\/span><br \/>\nSeller<br \/>\nBeethovenstr. 5<br \/>\n60325 Frankfurt<br \/>\n<a style=\"color: #6ebf5d;\" href=\"https:\/\/www.onedirect.de\/catalogsearch\/result\/?q=Jablocom\">www.onedirect.de<\/a><\/li>\n<\/ul>\n<\/div>\n<div class=\"cleaner\"><\/div>\n<h3>Hungary<\/h3>\n<div class=\"guide\">\n<ul>\n<li class=\"noborder\" style=\"font-size: 15px; text-align: left; background-color: #eee;\"><span style=\"font-size: 18px; font-weight: bold;\">HTM Mobile<\/span><br \/>\nNational distributor<br \/>\nZ\u00f3lyomi \u00fat 33,<br \/>\n1112 Hungary, Budapest<br \/>\n<a style=\"color: #6ebf5d;\" href=\"https:\/\/htmmobile.hu\/distributed-devices\/noabe\/\">www.htmmobile.hu<\/a><\/li>\n<\/ul>\n<\/div>\n<div class=\"cleaner\"><\/div>\n<p>&nbsp;<\/p>\n<h3>Italy<\/h3>\n<div class=\"guide\">\n<ul>\n<li class=\"noborder\" style=\"font-size: 15px; text-align: left; background-color: #eee;\"><span style=\"font-size: 18px; font-weight: bold;\">Connexing Italia<\/span><br \/>\nDistributor<br \/>\n<a style=\"color: #6ebf5d;\" href=\"http:\/\/www.connexing.it\/\">www.connexing.it<\/a><\/li>\n<\/ul>\n<\/div>\n<div class=\"cleaner\"><\/div>\n<p>&nbsp;<\/p>\n<h3>Netherlands<\/h3>\n<div class=\"guide\">\n<ul>\n<li class=\"noborder\" style=\"font-size: 15px; text-align: left; background-color: #eee;\"><span style=\"font-size: 18px; font-weight: bold;\">Lydis<\/span><br \/>\nDistributor<br \/>\nJool-Hulstraat 16<br \/>\n1327 HA Almere<br \/>\n<a style=\"color: #6ebf5d;\" href=\"https:\/\/www.lydis.nl\/producten?q=noabe\">www.lydis.nl<\/a><\/li>\n<li><span style=\"font-size: 18px; font-weight: bold;\">KPN<\/span><br \/>\nMobile operator<br \/>\n<a style=\"color: #6ebf5d;\" href=\"https:\/\/www.kpn.nl\">www.kpn.nl<\/a><\/li>\n<\/ul>\n<\/div>\n<p>&nbsp;<\/p>\n<div class=\"cleaner\"><\/div>\n<p>&nbsp;<\/p>\n<h3>Norway<\/h3>\n<div class=\"guide\">\n<ul>\n<li class=\"noborder\" style=\"font-size: 15px; text-align: left; background-color: #eee;\"><span style=\"font-size: 18px; font-weight: bold;\">Emcom<\/span><br \/>\nNational distributor<br \/>\nSven Oftedals Vei 5<br \/>\n0950 Oslo<br \/>\n<a style=\"color: #6ebf5d;\" href=\"https:\/\/emcom.no\/noabe\/307010\/noabe-essence-4g-bordtelefon-inkl-jablotool-cloud\">www.emcom.no<\/a><\/li>\n<\/ul>\n<\/div>\n<div class=\"cleaner\"><\/div>\n<p>&nbsp;<\/p>\n<h3>Poland<\/h3>\n<div class=\"guide\">\n<ul>\n<li class=\"noborder\" style=\"font-size: 15px; text-align: left; background-color: #eee;\"><span style=\"font-size: 18px; font-weight: bold;\">Kontel<\/span><br \/>\nNational distributor<br \/>\nul. Rakowiecka 30<br \/>\n02-528 Warszawa<br \/>\n<a style=\"color: #6ebf5d;\" href=\"https:\/\/kontel.net\/Noabe_Jablocom-21579.html\">www.kontel.pl<\/a><\/li>\n<\/ul>\n<\/div>\n<div class=\"cleaner\"><\/div>\n<h3>Slovakia<\/h3>\n<div class=\"guide\">\n<ul>\n<li class=\"noborder\" style=\"font-size: 15px; text-align: left; background-color: #eee;\"><span style=\"font-size: 18px; font-weight: bold;\">Agem Computers<\/span><br \/>\nNational Distributor<br \/>\nPan\u00f3nska 42<br \/>\n85101 Bratislava<br \/>\n<a style=\"color: #6ebf5d;\" href=\"https:\/\/www.agem.sk\/Search\/Fulltext?Query=Jablocom\">www.agem.sk<\/a><\/li>\n<li class=\"noborder\" style=\"font-size: 15px; text-align: left;\"><span style=\"font-size: 18px; font-weight: bold;\">Orange Slovensko<\/span><br \/>\nMobile operator<br \/>\n<a style=\"color: #6ebf5d;\" href=\"https:\/\/www.orange.sk\/e-shop\/telefony\/jablocom\/jablocom-essence-gdp-06e?items%5B0%5D=pausal-go-10&amp;items%5B1%5D=novy-n&amp;items%5B3%5D=viazanost-24-m\">www.orange.sk<\/a><\/li>\n<\/ul>\n<\/div>\n<div class=\"cleaner\"><\/div>\n<p>&nbsp;<\/p>\n<h3>Sweden<\/h3>\n<div class=\"guide\">\n<ul>\n<li class=\"noborder\" style=\"font-size: 15px; text-align: left; background-color: #eee;\"><span style=\"font-size: 18px; font-weight: bold;\">Communica<\/span><br \/>\nNational distributor<br \/>\nTorggatan 8<br \/>\n171 54 Solna<br \/>\n<a style=\"color: #6ebf5d;\" href=\"https:\/\/www.communica.se\/index.asp?free=Jablocom\">www.communica.se<\/a><\/li>\n<\/ul>\n<\/div>\n<div class=\"cleaner\"><\/div>\n<p>&nbsp;<\/p>\n<h2 id=\"overseas\">Overseas<\/h2>\n<div class=\"guide\">\n<ul>\n<li class=\"noborder\" style=\"font-size: 15px; text-align: left;\"><span style=\"font-size: 18px; font-weight: bold;\"><img decoding=\"async\" src=\"\/wp-content\/themes\/wp-lightgreen\/img\/flag\/nz.png\" \/>\u00a0New Zealand:<br \/>\nPacific GSM<br \/>\n<\/span>Level 33, ANZ Centre<br \/>\n23-29 Albert Street, Auckland 1010<br \/>\n<a style=\"color: #6ebf5d;\" href=\"https:\/\/www.pacificgsm.com\/index.php?route=product\/category&amp;path=72\">www.pacificgsm.com<\/a><\/li>\n<li><span style=\"font-size: 18px; font-weight: bold;\"><img decoding=\"async\" src=\"\/wp-content\/themes\/wp-lightgreen\/img\/flag\/au.png\" \/> Australia:<br \/>\nArchiTech Network &amp; Communications Solutions<br \/>\n<\/span>BENDIGO OFFICE<br \/>\nUnit 1, 109 Breen Street<br \/>\nGolden Square VIC 3555<br \/>\nMELBOURNE OFFICE<br \/>\nSuite 3, 484 Graham Street Port<br \/>\nMelbourne VIC 3207<br \/>\n<a style=\"color: #6ebf5d;\" href=\"http:\/\/www.architech.net.au\/\">www.architech.net.au<\/a><\/li>\n<li><span style=\"font-size: 18px; font-weight: bold;\"><img decoding=\"async\" src=\"\/wp-content\/themes\/wp-lightgreen\/img\/flag\/ng.png\" \/>\u00a0Nigeria:<br \/>\nVending Technologies<br \/>\n<\/span><br \/>\n<a style=\"color: #6ebf5d;\" href=\"mailto:aadelanwa@aol.co.uk\">aadelanwa@aol.co.uk<\/a><\/li>\n<\/ul>\n<\/div>\n<div class=\"cleaner\"><\/div>\n","protected":false},"excerpt":{"rendered":"<p>Where to buy Noabe.shop Europe Overseas Europe &nbsp; Austria Drei Mobile operator www.drei.at Magenta Telecom (T-Mobile Austria) Mobile operator www.magenta.at Telepartner Seller Bahnhofstrasse 35 4100 Ottensheim www.1apartner.at 3Eck KG Seller Perg, Ennsdorf www.dreieck.at Belgium Lydis National Distributor Jool-Hulstraat 16 1327 HA Almere Netherlands www.lydis.nl &nbsp; Czech Republic Good Sailors National distributor, Seller Provaznick\u00e1 737\/12 405 [&hellip;]<\/p>\n","protected":false},"author":14,"featured_media":0,"parent":0,"menu_order":0,"comment_status":"closed","ping_status":"closed","template":"page-templates\/full-width.php","meta":{"_lmt_disableupdate":"","_lmt_disable":"","footnotes":""},"categories":[],"tags":[],"class_list":["post-12009","page","type-page","status-publish","hentry"],"_links":{"self":[{"href":"https:\/\/www.noabe.com\/index.php\/wp-json\/wp\/v2\/pages\/12009","targetHints":{"allow":["GET"]}}],"collection":[{"href":"https:\/\/www.noabe.com\/index.php\/wp-json\/wp\/v2\/pages"}],"about":[{"href":"https:\/\/www.noabe.com\/index.php\/wp-json\/wp\/v2\/types\/page"}],"author":[{"embeddable":true,"href":"https:\/\/www.noabe.com\/index.php\/wp-json\/wp\/v2\/users\/14"}],"replies":[{"embeddable":true,"href":"https:\/\/www.noabe.com\/index.php\/wp-json\/wp\/v2\/comments?post=12009"}],"version-history":[{"count":6,"href":"https:\/\/www.noabe.com\/index.php\/wp-json\/wp\/v2\/pages\/12009\/revisions"}],"predecessor-version":[{"id":12570,"href":"https:\/\/www.noabe.com\/index.php\/wp-json\/wp\/v2\/pages\/12009\/revisions\/12570"}],"wp:attachment":[{"href":"https:\/\/www.noabe.com\/index.php\/wp-json\/wp\/v2\/media?parent=12009"}],"wp:term":[{"taxonomy":"category","embeddable":true,"href":"https:\/\/www.noabe.com\/index.php\/wp-json\/wp\/v2\/categories?post=12009"},{"taxonomy":"post_tag","embeddable":true,"href":"https:\/\/www.noabe.com\/index.php\/wp-json\/wp\/v2\/tags?post=12009"}],"curies":[{"name":"wp","href":"https:\/\/api.w.org\/{rel}","templated":true}]}}