{"id":11812,"date":"2018-11-27T12:43:44","date_gmt":"2018-11-27T11:43:44","guid":{"rendered":"http:\/\/www.noabe.cloud\/?page_id=11812"},"modified":"2026-04-16T17:28:35","modified_gmt":"2026-04-16T15:28:35","slug":"recycling","status":"publish","type":"page","link":"https:\/\/www.noabe.com\/about\/recycling\/","title":{"rendered":"Ekologie a elektroodpad"},"content":{"rendered":"<div id=\"primary\" class=\"site-content\">\n<div id=\"content\" role=\"main\">\n<article>\n<div id=\"ekologie\">\n<h2>Ecology and Recycling <span class=\"fa\">&#xf1b8;<\/span><\/h2>\n<p>&nbsp;<\/p>\n<h3>Protecting the environment begins with responsible recycling. Learn how to safely dispose of electronic waste and contribute to a more sustainable future.<\/h3>\n<p>&nbsp;<\/p>\n<h4>TAKE-BACK OF END-OF-LIFE ELECTRICAL EQUIPMENT \/ BATTERIES<\/h4>\n<p>We are committed to being environmentally friendly, so we provide you with easy and free ways to dispose of your end-of-life electrical equipment\/batteries.<br \/>\nThe consumer plays a crucial role in the system of disposal of electrical appliances and portable batteries. It is the consumer who decides what to do with the old appliance\/battery. Old and unwanted electrical appliances and batteries do not belong in unsorted municipal waste, but should be handed over to collection points, so-called take-back points, from which they are sent for reuse or recycling.<br \/>\nThe consumer must be informed by the symbols below that the electrical equipment\/batteries concerned do not belong in municipal waste. All new electrical equipment\/batteries are so marked. The symbol may be indicated directly on the equipment, on its packaging or in the instructions for use or warranty card.<\/p>\n<p><img src = \"\/wp-content\/uploads\/Bin1.png\" alt = \"Symbol 1\"\/><br \/>\n           <img src = \"\/wp-content\/uploads\/Bin2.png\" alt = \"Symbol 2\"\/><\/p>\n<h4>Why recycle?<\/h4>\n<p>Not only electrical equipment, but also batteries contain many recyclable metals such as zinc, iron, manganese, nickel, cadmium and lead. Some of these substances are also very dangerous for the environment and human health, especially mercury, lead and cadmium. Selected batteries are often marked with the symbol of the chemical element they contain (Pb, Cd, Hg).<br \/>\nBy taking batteries and electrical equipment to a take-back point, we save primary raw material resources, especially by recycling the material, and at the same time protect our environment from possible improper disposal.<br \/>\n&nbsp;<\/p>\n<p>Unused batteries that are not handed over for recycling through take-back points, but are stored, for example, in office drawers or elsewhere in households or companies, can cause fires. Lithium batteries in particular have this property. With regard to safety, it is therefore very important to recycle used batteries as soon as possible.<br \/>\n&nbsp;<\/p>\n<h4>Discover recycling centers, public bins, and drop-off locations near you<\/h4>\n<p>Use some public service as <a href=\"https:\/\/recyclingspots.com\/\">https:\/\/recyclingspots.com<\/a> if you need to explore the location to recycle the electronics or battery.<br \/>\n&nbsp;<br \/>\n&nbsp;<\/p>\n<hr>\n<p>&nbsp;<\/p>\n<h2>Ekologie a elektroodpad<\/h2>\n<p><img src = \"\/wp-content\/themes\/wp-lightgreen\/img\/zelena_firma_rgb.png\" height=\"250\" width=\"680\" alt = \"Logo Zelena Firma\"\/><\/p>\n<p>Pou\u017eit\u00e9 baterie a&nbsp;elektroza\u0159\u00edzen\u00ed nepat\u0159\u00ed do&nbsp;sm\u011bsn\u00e9ho odpadu. Odevzdejte je&nbsp;na m\u00edstech zp\u011btn\u00e9ho odb\u011bru nebo jin\u00fdch ur\u010den\u00fdch m\u00edstech. Umo\u017en\u011bte dal\u0161\u00ed vyu\u017eit\u00ed<br \/>\n              elektroza\u0159\u00edzen\u00ed a&nbsp;bateri\u00ed. Zabra\u0148te p\u0159\u00edpadn\u00e9mu \u00faniku nebezpe\u010dn\u00fdch l\u00e1tek z&nbsp;t\u011bchto&nbsp;v\u00fdrobk\u016f. Chra\u0148te zdrav\u00ed a&nbsp;\u017eivotn\u00ed&nbsp;prost\u0159ed\u00ed.<br \/>\n              I&nbsp;na&nbsp;v\u00e1s&nbsp;zale\u017e\u00ed.<\/p>\n<p>&nbsp;<\/p>\n<h3 style = \"color: #63af33;\">Zp\u011btn\u00fd odb\u011br elektroza\u0159\u00edzen\u00ed a p\u0159enosn\u00fdch bateri\u00ed<\/h3>\n<p>Zp\u011btn\u00fd odb\u011br elektroza\u0159\u00edzen\u00ed a&nbsp;p\u0159enosn\u00fdch bateri\u00ed je zaji\u0161t\u011bna na z\u00e1klad\u011b smluv se spole\u010dnostmi REMA&nbsp;Syst\u00e9m,&nbsp;a.s. a&nbsp;REMABATTERY,&nbsp;s.r.o. Pou\u017eit\u00e1<br \/>\n           elektroza\u0159\u00edzen\u00ed a&nbsp;p\u0159enosn\u00e9&nbsp;baterie je mo\u017en\u00e9 bezplatn\u011b odevzdat v s\u00edti sb\u011brn\u00fdch m\u00edst zp\u011btn\u00e9ho odb\u011bru elektroza\u0159\u00edzen\u00ed a bateri\u00ed, kter\u00e1 jsou z\u0159\u00edzena na&nbsp;\u00fazem\u00ed&nbsp;\u010cR.<br \/>\n           Konkr\u00e9tn\u00ed informace z\u00edsk\u00e1te na <a href = \"http:\/\/www.remasystem.cz\" target = \"_blank\">www.remasystem.cz<\/a> nebo na telefonu 225 988 001.<\/p>\n<p>&nbsp;<br \/>&nbsp;<\/p>\n<p>\n           <br \/><a href=\"https:\/\/www.rema.cloud\/\">Komplexn\u00ed informace o mo\u017enostech recyklace elektroza\u0159\u00edzen\u00ed a bateri\u00ed<\/a><br \/>\n           &nbsp;\n           <\/p>\n<\/p><\/div>\n<div style=text-align:right;><\/div>\n<footer class=\"entry-meta\"><\/footer>\n<p><!-- .entry-meta --><br \/>\n    <\/article>\n<p><!-- #post -->\n  <\/div>\n<p><!-- #content -->\n<\/div>\n<p><!-- #primary --><\/p>\n","protected":false},"excerpt":{"rendered":"<p>Ecology and Recycling &#xf1b8; &nbsp; Protecting the environment begins with responsible recycling. Learn how to safely dispose of electronic waste and contribute to a more sustainable future. &nbsp; TAKE-BACK OF END-OF-LIFE ELECTRICAL EQUIPMENT \/ BATTERIES We are committed to being environmentally friendly, so we provide you with easy and free ways to dispose of your [&hellip;]<\/p>\n","protected":false},"author":18,"featured_media":0,"parent":158,"menu_order":0,"comment_status":"closed","ping_status":"closed","template":"page-templates\/full-width.php","meta":{"_lmt_disableupdate":"no","_lmt_disable":"","footnotes":""},"categories":[18,11],"tags":[],"class_list":["post-11812","page","type-page","status-publish","hentry","category-ok","category-cz"],"_links":{"self":[{"href":"https:\/\/www.noabe.com\/wp-json\/wp\/v2\/pages\/11812","targetHints":{"allow":["GET"]}}],"collection":[{"href":"https:\/\/www.noabe.com\/wp-json\/wp\/v2\/pages"}],"about":[{"href":"https:\/\/www.noabe.com\/wp-json\/wp\/v2\/types\/page"}],"author":[{"embeddable":true,"href":"https:\/\/www.noabe.com\/wp-json\/wp\/v2\/users\/18"}],"replies":[{"embeddable":true,"href":"https:\/\/www.noabe.com\/wp-json\/wp\/v2\/comments?post=11812"}],"version-history":[{"count":9,"href":"https:\/\/www.noabe.com\/wp-json\/wp\/v2\/pages\/11812\/revisions"}],"predecessor-version":[{"id":12935,"href":"https:\/\/www.noabe.com\/wp-json\/wp\/v2\/pages\/11812\/revisions\/12935"}],"up":[{"embeddable":true,"href":"https:\/\/www.noabe.com\/wp-json\/wp\/v2\/pages\/158"}],"wp:attachment":[{"href":"https:\/\/www.noabe.com\/wp-json\/wp\/v2\/media?parent=11812"}],"wp:term":[{"taxonomy":"category","embeddable":true,"href":"https:\/\/www.noabe.com\/wp-json\/wp\/v2\/categories?post=11812"},{"taxonomy":"post_tag","embeddable":true,"href":"https:\/\/www.noabe.com\/wp-json\/wp\/v2\/tags?post=11812"}],"curies":[{"name":"wp","href":"https:\/\/api.w.org\/{rel}","templated":true}]}}