{"id":11503,"date":"2018-03-07T09:37:31","date_gmt":"2018-03-07T08:37:31","guid":{"rendered":"http:\/\/jablocom.com\/?page_id=11503"},"modified":"2026-03-05T16:16:54","modified_gmt":"2026-03-05T15:16:54","slug":"noabe","status":"publish","type":"page","link":"https:\/\/www.noabe.com\/index.php\/press\/noabe\/","title":{"rendered":"Press: About NOABE"},"content":{"rendered":"<div id=\"page_support\" class=\"page_press\">\n<h2>Press: About NOABE<\/h2>\n<p><!-- name + headline --><\/p>\n<div class=\"guide\">\n<a href=\"\/press\/\" class=\"bckd\"><span class=\"fa\">&#xf053;<\/span><\/a><br \/>\n<img decoding=\"async\" src=\"\/wp-content\/uploads\/img\/press\/Jablocom.Phone.Solution.4.tm.png\">\n<\/div>\n<p>&nbsp;<br \/>\nWe are <b>NOABE<\/b>, recognized European producer of mobile desktop phones and creator of the cloud administration platform Jablotool.com. We are based in the hearth of the European Union, in Jablonec nad Nisou (Czech Republic).<br \/>\nNOABE was previously known as <b>JABLOCOM<\/b>. This brand is further used on our products, its packaging and also in product documentation.<\/p>\n<div class=\"cleaner\">&nbsp;<\/div>\n<p><!-- cleaner --><\/p>\n<h3 id = \"bro\"><span class=\"fa\">\uf030<\/span> &nbsp;Our logo<\/h3>\n<ul class=\"faq\">\n<li><img decoding=\"async\" src=\"\/wp-content\/uploads\/img\/press-logo.png\" width=400 border=0><\/li>\n<li>\n<br \/>&nbsp;<br \/>&nbsp;<br \/>\n<span class=\"fa\">\uf030<\/span> <a href=\"https:\/\/drive.google.com\/open?id=193G8rJ4UQjUH_7YVkSBWc0CO7sQXleYb\" onclick=\"ga('send', 'event', 'pr-download', 'press-logo-small', 'press-about');\">Noabe logo [PNG, small]<\/a><br \/>\n<span class=\"fa\">\uf030<\/span> <a href=\"https:\/\/drive.google.com\/open?id=1paOfDPK75bdqtylD7UGLdbnP5vZxnyd2\" onclick=\"ga('send', 'event', 'pr-download', 'press-logo-medium', 'press-about');\">Noabe logo [PNG, medium]<\/a><br \/>\n<span class=\"fa\">\uf030<\/span> <a href=\"https:\/\/drive.google.com\/open?id=1MrwUst8ebsv0Dkmk3gC_Gmlym-jp2Iiv\" onclick=\"ga('send', 'event', 'pr-download', 'press-logo-large', 'press-about');\">Noabe logo [PNG, large]<\/a><br \/>\n<span class=\"fa\">\uf030<\/span> <a href=\"https:\/\/drive.google.com\/open?id=1ITwFRxR0LXxfbXFCYuDmgNmPk-w-V72h\" onclick=\"ga('send', 'event', 'pr-download', 'press-logo-vector', 'press-about');\">Noabe logo [EPS, vector]<\/a><\/p>\n<\/ul>\n<div class=\"cleaner\">&nbsp;<\/div>\n<p><!-- cleaner --><\/p>\n<h3 id = \"cs\"><span class=\"fa\">&#xf1ea;<\/span> &nbsp;Jablocom became NOABE (March 1, 2018)<\/h3>\n<ul class=\"faq\">\n<li><span class=\"fa\">&nbsp;&nbsp;&nbsp;<\/span> English version<\/li>\n<li><span class=\"fa\">&nbsp;&nbsp;&nbsp;<\/span> Czech version<\/li>\n<li><span class=\"fa\">&#xf1c1;<\/span> <a href=\"https:\/\/drive.google.com\/open?id=1uTo_mDrM7ukNEnrYaUppQ2Mx1rLwQLqY\" onclick=\"ga('send', 'event', 'pr-download', 'cs-db-en', 'press-about');\">JABLOCOM becomes NOABE (English, PDF)<\/a><\/li>\n<li><span class=\"fa\">&#xf1c1;<\/span> <a href=\"https:\/\/drive.google.com\/open?id=1fqaWK6a5QdThky6EBTl7_I4kSmpcxN9M\" onclick=\"ga('send', 'event', 'pr-download', 'cs-db-cs', 'press-about');\">JABLOCOM se m\u011bn\u00ed na NOABE (\u010cesky, PDF)<\/a><\/li>\n<\/ul>\n<div class=\"cleaner\">&nbsp;<\/div>\n<p><!-- cleaner --><\/p>\n<div class=\"cleaner\">&nbsp;<\/div>\n<p><!-- cleaner --><\/p>\n<h3 id=\"misc\"><span class=\"fa\">\uf019<\/span> &nbsp;Other useful links<\/h3>\n<ul class=\"faq\">\n<!-- \n\n\n<li><span class=\"fa\">&#xf040;<\/span> <a href=\"http:\/\/eepurl.com\/dhahBX\" onclick=\"ga('send', 'event', 'pr-download', 'news-subscribe-en', 'press-solution');\">Subscribe to our newsletter<\/a><\/li>\n\n\n --><\/p>\n<li><span class=\"fa\">&#xf003;<\/span> <a href=\"mailto:sales@noabe.com\">Contact us<\/a><\/li>\n<li>&nbsp;<\/li>\n<li>&nbsp;<\/li>\n<\/ul>\n<div class=\"cleaner\"><\/div>\n<p><!-- cleaner --><\/p>\n","protected":false},"excerpt":{"rendered":"<p>Press: About NOABE &#xf053; &nbsp; We are NOABE, recognized European producer of mobile desktop phones and creator of the cloud administration platform Jablotool.com. We are based in the hearth of the European Union, in Jablonec nad Nisou (Czech Republic). NOABE was previously known as JABLOCOM. This brand is further used on our products, its packaging [&hellip;]<\/p>\n","protected":false},"author":14,"featured_media":0,"parent":2610,"menu_order":0,"comment_status":"closed","ping_status":"closed","template":"page-templates\/full-width.php","meta":{"_lmt_disableupdate":"","_lmt_disable":"","footnotes":""},"categories":[],"tags":[],"class_list":["post-11503","page","type-page","status-publish","hentry"],"_links":{"self":[{"href":"https:\/\/www.noabe.com\/index.php\/wp-json\/wp\/v2\/pages\/11503","targetHints":{"allow":["GET"]}}],"collection":[{"href":"https:\/\/www.noabe.com\/index.php\/wp-json\/wp\/v2\/pages"}],"about":[{"href":"https:\/\/www.noabe.com\/index.php\/wp-json\/wp\/v2\/types\/page"}],"author":[{"embeddable":true,"href":"https:\/\/www.noabe.com\/index.php\/wp-json\/wp\/v2\/users\/14"}],"replies":[{"embeddable":true,"href":"https:\/\/www.noabe.com\/index.php\/wp-json\/wp\/v2\/comments?post=11503"}],"version-history":[{"count":3,"href":"https:\/\/www.noabe.com\/index.php\/wp-json\/wp\/v2\/pages\/11503\/revisions"}],"predecessor-version":[{"id":12871,"href":"https:\/\/www.noabe.com\/index.php\/wp-json\/wp\/v2\/pages\/11503\/revisions\/12871"}],"up":[{"embeddable":true,"href":"https:\/\/www.noabe.com\/index.php\/wp-json\/wp\/v2\/pages\/2610"}],"wp:attachment":[{"href":"https:\/\/www.noabe.com\/index.php\/wp-json\/wp\/v2\/media?parent=11503"}],"wp:term":[{"taxonomy":"category","embeddable":true,"href":"https:\/\/www.noabe.com\/index.php\/wp-json\/wp\/v2\/categories?post=11503"},{"taxonomy":"post_tag","embeddable":true,"href":"https:\/\/www.noabe.com\/index.php\/wp-json\/wp\/v2\/tags?post=11503"}],"curies":[{"name":"wp","href":"https:\/\/api.w.org\/{rel}","templated":true}]}}