{"id":2274,"date":"2013-07-01T09:58:32","date_gmt":"2013-07-01T07:58:32","guid":{"rendered":"http:\/\/www.noabe.com\/help\/?page_id=412"},"modified":"2026-04-28T20:41:07","modified_gmt":"2026-04-28T18:41:07","slug":"cameras","status":"publish","type":"page","link":"https:\/\/www.noabe.com\/help\/index.php\/cameras\/","title":{"rendered":"Cameras help"},"content":{"rendered":"<div id=\"primaryContainer\" class=\"primaryContainer clearfix dlazdice\">\n<img loading=\"lazy\" decoding=\"async\" src=\"\/help\/wp-content\/uploads\/img\/products\/thumb-eye-02.jpg\" width=\"200\" height=\"200\" align=\"right\" \/><\/p>\n<h2><span class=\"act\">Cameras<\/span><\/h2>\n<div id=\"box2\" class=\"clearfix\">\n<div id=\"page_support\">\n<p>The security cameras has been produced in two different types:<br \/>\n<a title=\"Do I have EYE-02 or EyeSee camera?\" href=\"\/help\/index.php\/eye-02-or-eyesee-camera\/\">Do I have EYE-02 or EyeSee camera?<\/a><br \/>\n<a title=\"What are differences between EYE-02 and EyeSee camera?\" href=\"\/help\/index.php\/eye-02-and-eyesee-comparison\/\">What are differences between EYE-02 and EyeSee camera?<\/a><\/p>\n<div id=\"tarif\">\n<h3>Suitable data tariff<\/h3>\n<p>Camera EYE-02  uses data to send you reports. Monthly data tariff of 100 MB will be sufficient to protect your house or flat. <a href=\"\/help\/index.php\/what-is-a-suitable-data-tariff\/\">More information<\/a>.<\/p>\n<\/div>\n<div class=\"cleaner\"><\/div>\n<p><!-- cleaner --><\/p>\n<h3>Troubleshooting<\/h3>\n<form id=\"searchform\" role=\"search\" action=\"\/help\/\" method=\"get\"><input id=\"s\" name=\"s\" type=\"text\" placeholder=\"Describe your problem and search for solution\" \/><br \/>\n<button id=\"searchsubmit\" class=\"greenbutt\" type=\"submit\" value=\"\"><span class=\"fa\">\uf002<\/span><\/button><\/form>\n<div class=\"cleaner\"><\/div>\n<p><!-- cleaner --><\/p>\n<p><a title=\"Technick\u00e1 podpora pro kamery v \u010de\u0161tin\u011b\" href=\"\/help\/index.php\/kamery\/\">Technick\u00e1 podpora pro kamery v \u010de\u0161tin\u011b <img decoding=\"async\" src=\"\/help\/wp-content\/themes\/wp-lightgreen\/img\/flag\/cz.png\" \/><\/a><\/p>\n<div class=\"cleaner\"><\/div>\n<p><!-- cleaner --><\/p>\n","protected":false},"excerpt":{"rendered":"<p>Cameras The security cameras has been produced in two different types: Do I have EYE-02 or EyeSee camera? What are differences between EYE-02 and EyeSee camera? Suitable data tariff Camera EYE-02 uses data to send you reports. Monthly data tariff of 100 MB will be sufficient to protect your house or flat. More information. Troubleshooting [&hellip;]<\/p>\n","protected":false},"author":2,"featured_media":0,"parent":0,"menu_order":20,"comment_status":"closed","ping_status":"closed","template":"","meta":{"footnotes":""},"categories":[1],"tags":[],"class_list":["post-2274","page","type-page","status-publish","hentry","category-uncategorized"],"_links":{"self":[{"href":"https:\/\/www.noabe.com\/help\/index.php\/wp-json\/wp\/v2\/pages\/2274","targetHints":{"allow":["GET"]}}],"collection":[{"href":"https:\/\/www.noabe.com\/help\/index.php\/wp-json\/wp\/v2\/pages"}],"about":[{"href":"https:\/\/www.noabe.com\/help\/index.php\/wp-json\/wp\/v2\/types\/page"}],"author":[{"embeddable":true,"href":"https:\/\/www.noabe.com\/help\/index.php\/wp-json\/wp\/v2\/users\/2"}],"replies":[{"embeddable":true,"href":"https:\/\/www.noabe.com\/help\/index.php\/wp-json\/wp\/v2\/comments?post=2274"}],"version-history":[{"count":24,"href":"https:\/\/www.noabe.com\/help\/index.php\/wp-json\/wp\/v2\/pages\/2274\/revisions"}],"predecessor-version":[{"id":15507,"href":"https:\/\/www.noabe.com\/help\/index.php\/wp-json\/wp\/v2\/pages\/2274\/revisions\/15507"}],"wp:attachment":[{"href":"https:\/\/www.noabe.com\/help\/index.php\/wp-json\/wp\/v2\/media?parent=2274"}],"wp:term":[{"taxonomy":"category","embeddable":true,"href":"https:\/\/www.noabe.com\/help\/index.php\/wp-json\/wp\/v2\/categories?post=2274"},{"taxonomy":"post_tag","embeddable":true,"href":"https:\/\/www.noabe.com\/help\/index.php\/wp-json\/wp\/v2\/tags?post=2274"}],"curies":[{"name":"wp","href":"https:\/\/api.w.org\/{rel}","templated":true}]}}